{"id":98,"date":"2021-06-14T11:26:34","date_gmt":"2021-06-14T11:26:34","guid":{"rendered":"https:\/\/www.nnoa.nl\/?page_id=98"},"modified":"2021-06-18T13:51:30","modified_gmt":"2021-06-18T13:51:30","slug":"discografie","status":"publish","type":"page","link":"https:\/\/www.nnoa.nl\/?page_id=98","title":{"rendered":"Discografie"},"content":{"rendered":"\n<p><strong>COMMENTAREN<\/strong><\/p>\n\n\n\n<p>De vele orgelopnamen die Stef Tuinstra sinds enkele decennia op zijn naam heeft staan&nbsp;<\/p>\n\n\n\n<p>\u201c<em>onderscheiden zich in veel opzichten van de gangbare inzichten zoals die op het gebied van de historische uitvoeringspraktijk in de loop van de laatste tientallen jaren zijn ontwikkeld<\/em>\u201d.<\/p>\n\n\n\n<p>Wereldwijd wordt zijn spel zeer positief beoordeeld: \u201chet behoort tot de hoogste niveaus, zowel artistiek als wetenschappelijk\u201d. Ook de Nederlandse vakpers, zoals Klassieke Zaken (2003\/4),&nbsp;<\/p>\n\n\n\n<p>Luister (Midwolda: 9, juni 2006) en Trouw(2001\/12) zijn enthousiast over zijn opnamen en interpretaties.<\/p>\n\n\n\n<p>\u201c<em>De polyfone frasering, de retorische articulatie en de imitatie van de dynamiek gaan\u2026.bij Tuinstra hand in hand<\/em>.\u201d; \u201c<em>een intens luisterfeest\u201d. \u201cToen Johann Sebastian Bach in 1720 naar Hamburg reisde en daar Reincken hoorde improviseren\u2026.heeft hij zich daar lovend over uitgelaten. Ik ben er van overtuigd dat hij over Stef Tuinstra net zo enthousiast geweest zou zijn<\/em>\u201d.&nbsp;<\/p>\n\n\n\n<p>\u201c<em>Stef Tuinstra is een organist met een diepgewortelde musicologische benaderingswijze<\/em>\u201d.<\/p>\n\n\n\n<p>\u201c<em>Een uiterst verantwoorde Bach-opname<\/em>\u201d.<\/p>\n\n\n\n<p>\u201c<em>Hij propageert een orkestrale benaderingvan Bachs muziek waartoe dit orgel (Midwolda) alle aanleiding geeft. Het blijft gelukkig niet bij woorden\u2026 en zal men snel gefascineerd raken door&nbsp;Tuinstra\u00b4s kleurrijke en expressieve benadering en fijnzinnige registraties<\/em>.&#8221;<\/p>\n\n\n\n<p>Enkele andere voorbeelden.<\/p>\n\n\n\n<p>\u201c<em>Zijn improvisaties vallen op door stijlzuiverheid, emotie en creatieve invallen, waarbij de juiste bijbehorende uitvoeringspraktijk niet minder aandacht krijgt dan bij zijn literatuurspel<\/em>\u201d.&nbsp;<\/p>\n\n\n\n<p>\u201c<em>Zijn registraties zijn steeds bijzonder en verrassend en laten orgels ongekend fraai en van hun beste kant horen dankzij zijn muzikale creativiteit en zijn grote kennis op het gebied van de orgelbouw<\/em>\u201d.&nbsp;<\/p>\n\n\n\n<p>\u201c<em>Zijn spel is toegankelijk, warm, po\u00ebtisch en lyrisch, kortom vol emotie<\/em>\u201d.&nbsp;<\/p>\n\n\n\n<p>Veel luisteraars hebben meermaals te kennen gegeven het gevoel te hebben \u201cnaar iemand als Johann Sebastian Bach zelf te luisteren\u201d als zij Stef Tuinstra horen spelen.&nbsp;<\/p>\n\n\n\n<p>Bovenstaand een samenvatting van de vele recensies en commentaren naar aanleiding van de opnamen van de CD\u2019s (met uitzondering van die van B\u00f6hm), concerten en masterclasses van&nbsp;<\/p>\n\n\n\n<p>Stef Tuinstra, van Scandinavi\u00eb tot Itali\u00eb,van de Verenigde Staten naar Japan. Reacties op het B\u00f6hm-album kunt u lezen op: commentaren en recensies&nbsp;<\/p>\n\n\n\n<p><strong>SPELKARAKTERISTIEK<\/strong><\/p>\n\n\n\n<p>Bij de latere stijlperioden is er in de afgelopen eeuw meer consensus gekomen over de uitvoeringspraktijk dan bij de oudere muziek.&nbsp;<\/p>\n\n\n\n<p>Daarom ligt de grootste uitdaging in de vroegere stijlperioden, waarin de rol van de interpreet in combinatie met het juiste gebruik van (de kwaliteit van) het instrument des te belangrijker is.<\/p>\n\n\n\n<p>Dat zijn spel zo opvalt komt vooral door de diepgang er van, juist omdat deze spelopvatting op het orgel weinig te horen is, met name op het gebied van de renaissance- en barokmuziek. In een aantal artikelen in vaktijdschriften en in Cd-boekjes verklaart Stef Tuinstra zijn visie; zodoende is goed te horen wat hij bedoelt te zeggen.&nbsp;<\/p>\n\n\n\n<p>Vaak wordt het woord \u2018orkestraal\u2019 genoemd in verband met het orgelspel, maar slechts weinig orkestmusici en liefhebbers van orkest- en koormuziek herkennen zich daar vervolgens in.&nbsp;<\/p>\n\n\n\n<p>Van Stef Tuinstra wordt gezegd dat hij op het orgel in z\u2019n eentje daadwerkelijk een heel ensemble kan laten horen, zodanig dat elke individuele musicus zijn of haar rol daarin herkenbaar terugvindt. De expressie van het orgel z\u00e9lf wordt door hem optimaal ingezet om door de suggestie heen de luisteraar in een grote ruimte het idee te geven naar een continue crescendo- en decrescendospel te luisteren, net als bij orkest en\/of koor in een kleinere ruimte of in een concertzaal. Een daadwerkelijk polyfone benadering moet ook het orgelspel van Johann Sebastian Bach hebben gekenmerkt, getuige de vele en duidelijke uitspraken daarover van zijn zonen, leerlingen en bewonderaars.&nbsp;<\/p>\n\n\n\n<p>In de diverse masterclasses worden zijn opvattingen enthousiast ontvangen omdat ze voor velen nieuw zijn en een uitdaging vormen om de complexiteit van de vele gedachten en handelingen die bij deze spelopvatting tegelijkertijd gerealiseerd moeten worden te leren doorgronden.<\/p>\n\n\n\n<p>\n\n<div><b>UITGAVEN:&nbsp;<\/b>(alle CD\u2019s met uitvoerig tekstbooklet)<\/div>\n<div><b><br><\/b><\/div>\n<div><table width=\"600\" border=\"0\" cellpadding=\"10\" bordercolorlight=\"#ffffff\" bordercolordark=\"#ffffff\" cellspacing=\"4\" bgcolor=\"#ffffff\">\n<tbody><tr valign=\"top\">\n<td><div><img loading=\"lazy\" decoding=\"async\" border=\"0\" width=\"100\" height=\"100\" hspace=\"1\" vspace=\"1\" src=\".\/Discografie_files\/1__4__ms1.rvf_1.jpg\"><\/div>\n<\/td>\n<td width=\"300\" valign=\"top\"><div>CD album met 3 CD&#8217;s<\/div>\n<div><b>Georg B\u00f6hm (1661 &#8211; 1733) Keyboard Works<\/b>&nbsp;&nbsp;<\/div>\n<div>Schnitger-orgel (1693, Jacobikirche Hamburg)<\/div>\n<div>Hinsz-orgel (1731, Mariakerk, Zandeweer)<\/div>\n<div>Zell-klavecimbel (1728, Museum f\u00fcr Kunst und Gewerbe Hamburg)<\/div><p>\n<a href=\"https:\/\/erfgoedpartners.nl\/webshop\/product\/stef-tuinstra-complete-orgelwerken-georg-bohm\/\" target=\"_blank\" rel=\"noopener\"><b>Te bestellen bij Erfgoedpartners<\/b><\/a><p><\/td>\n<\/tr>\n<tr valign=\"top\">\n<td><div><img loading=\"lazy\" decoding=\"async\" border=\"0\" width=\"100\" height=\"102\" hspace=\"1\" vspace=\"1\" src=\".\/Discografie_files\/1__4__ms1.rvf_2.jpg\"><\/div>\n<\/td>\n<td><div><b>Bach in Midwolda<\/b><\/div>\n<div>Stef Tuinstra bespeelt het Hinsz-orgel<\/div>\n<div>Werken van Johann Sebastian Bach<\/div><p>\n<a href=\"https:\/\/erfgoedpartners.nl\/webshop\/product\/bach-in-midwolda\/\" target=\"_blank\" rel=\"noopener\"><b>Te bestellen bij Erfgoedpartners<\/b><\/a><p>\n<\/td>\n<\/tr>\n<tr valign=\"top\">\n<td><div><img loading=\"lazy\" decoding=\"async\" border=\"0\" width=\"100\" height=\"98\" hspace=\"1\" vspace=\"1\" src=\".\/Discografie_files\/1__4__ms1.rvf_3.jpg\"><\/div>\n<\/td>\n<td><div>Norden, Schnitger-orgel &#8211; dubbel CD<\/div>\n<div><b>De Noord-Duitse orgelkoraalkunst in de 17e eeuw<\/b><\/div>\n<div>Werken van Scheidt, Tunder, Buxtehude en Reincken<p hidden>\n<font color=red>Uitverkocht!<\/font><p>\n<\/div>\n<div><br><\/div>\n<\/td>\n<\/tr>\n<tr valign=\"top\">\n<td><div><img loading=\"lazy\" decoding=\"async\" border=\"0\" width=\"100\" height=\"99\" hspace=\"1\" vspace=\"1\" src=\".\/Discografie_files\/1__4__ms1.rvf_4.jpg\"><\/div>\n<\/td>\n<td><div>Zeerijp , Faber-orgel&nbsp;<\/div>\n<div><b>Noord-Nederlandse Orgelkunst in de 17e eeuw<\/b>&nbsp;<\/div>\n<div>met enkele bijdragen van Harry Gerearts, tenor<\/div>\n<div>Werken van Rossi, Grandi, Scheidemann, Sch\u00fctz, Scheidt, Huygens, Kerll, Ritter, B\u00f6hm en Buxtehude.<p>\n<a href=https:\/\/erfgoedpartners.nl\/webshop\/product\/zeerijp-noord-nederlandse-orgelkunst\/ target_blank><b>Te bestellen bij Ergoedpartners<\/a><p>\n<\/div>\n<\/td>\n<\/tr>\n<\/tbody><\/table>\n\n\n<\/p>\n\n\n\n<p><strong>OVERIGE OPNAMEN<\/strong>&nbsp;&#8211; bijdragen op verzamel CD&#8217;s<\/p>\n\n\n\n<ul class=\"wp-block-list\"><li>Eenum \u2013 Arp Schnitger in Groningen &nbsp; (Uitverkocht! )<\/li><\/ul>\n\n\n\n<ul class=\"wp-block-list\"><li>Organa Antiqua Italica &#8211; &nbsp;CD-Box van twee orgels (KRO, BRT en Wereldomroep)<\/li><\/ul>\n\n\n\n<p>&nbsp; &nbsp; &nbsp; &nbsp; &nbsp; &nbsp; Milaan en Trivolzio<\/p>\n\n\n\n<ul class=\"wp-block-list\"><li>Groningen \u2013 Arp Schnitger in Groningen, orgel Der Aa-kerk<\/li><\/ul>\n\n\n\n<ul class=\"wp-block-list\"><li>Diverse orgelmakers &#8211; &nbsp;CD-Box Orgelhistorie in Groningen (EO) (Bekroond met gedeelde Edison), &nbsp; &nbsp; &nbsp; &nbsp; &nbsp; &nbsp; &nbsp;&nbsp;<\/li><\/ul>\n\n\n\n<p>&nbsp; &nbsp; &nbsp; &nbsp; &nbsp; &nbsp; Noordwolde, Noordbroek, Appingedam, Bierum, Finsterwolde<\/p>\n\n\n\n<ul class=\"wp-block-list\"><li>A.A. Hinsz \u2013 CD-Box 25 jaar orgelconcerten te Leens. &nbsp;Diverse organisten.<\/li><\/ul>\n\n\n\n<ul class=\"wp-block-list\"><li>H.H. Freytag &#8211; CD-box NIvO Orgelencyclopedie, opname in Finsterwolde<\/li><\/ul>\n\n\n\n<ul class=\"wp-block-list\"><li>Jan Pietersz. Sweelinck &#8211; CD-box The complete keyboard works of Jan Pieterszoon Sweelinck&nbsp;<\/li><\/ul>\n\n\n\n<p>&nbsp; &nbsp; &nbsp; &nbsp; &nbsp; &nbsp; (NM Classics, Radio Netherlands en Muziekgroep Nederland) &nbsp;(bekroond met gedeelde&nbsp;&nbsp; &nbsp; &nbsp; &nbsp; &nbsp; &nbsp; Edison) in Tangerm\u00fcnde<\/p>\n\n\n\n<ul class=\"wp-block-list\"><li>Diverse orgelmakers &#8211; CD-box Orgels in Nederland 1511-1896 (produktie Okke Dijkhuizen; uitgave De Banier) &nbsp; &nbsp; &nbsp; &nbsp;&nbsp;<\/li><\/ul>\n\n\n\n<p>&nbsp; &nbsp; &nbsp; &nbsp; &nbsp; &nbsp; Zeerijp, Peize, Dantumawoude en Finsterwolde<\/p>\n","protected":false},"excerpt":{"rendered":"<p>COMMENTAREN De vele orgelopnamen die Stef Tuinstra sinds enkele decennia op zijn naam heeft staan&nbsp; \u201conderscheiden zich in veel opzichten van de gangbare inzichten zoals die op het gebied van <a class=\"more-link\" href=\"https:\/\/www.nnoa.nl\/?page_id=98\">[. . . ]<\/a><\/p>\n","protected":false},"author":3447,"featured_media":0,"parent":0,"menu_order":0,"comment_status":"closed","ping_status":"closed","template":"","meta":{"footnotes":""},"class_list":["post-98","page","type-page","status-publish","hentry"],"_links":{"self":[{"href":"https:\/\/www.nnoa.nl\/index.php?rest_route=\/wp\/v2\/pages\/98","targetHints":{"allow":["GET"]}}],"collection":[{"href":"https:\/\/www.nnoa.nl\/index.php?rest_route=\/wp\/v2\/pages"}],"about":[{"href":"https:\/\/www.nnoa.nl\/index.php?rest_route=\/wp\/v2\/types\/page"}],"author":[{"embeddable":true,"href":"https:\/\/www.nnoa.nl\/index.php?rest_route=\/wp\/v2\/users\/3447"}],"replies":[{"embeddable":true,"href":"https:\/\/www.nnoa.nl\/index.php?rest_route=%2Fwp%2Fv2%2Fcomments&post=98"}],"version-history":[{"count":20,"href":"https:\/\/www.nnoa.nl\/index.php?rest_route=\/wp\/v2\/pages\/98\/revisions"}],"predecessor-version":[{"id":154,"href":"https:\/\/www.nnoa.nl\/index.php?rest_route=\/wp\/v2\/pages\/98\/revisions\/154"}],"wp:attachment":[{"href":"https:\/\/www.nnoa.nl\/index.php?rest_route=%2Fwp%2Fv2%2Fmedia&parent=98"}],"curies":[{"name":"wp","href":"https:\/\/api.w.org\/{rel}","templated":true}]}}