{"id":199,"date":"2022-04-15T12:21:34","date_gmt":"2022-04-15T12:21:34","guid":{"rendered":"https:\/\/www.nnoa.nl\/?page_id=199"},"modified":"2022-10-08T16:43:36","modified_gmt":"2022-10-08T16:43:36","slug":"youtube-publicaties","status":"publish","type":"page","link":"https:\/\/www.nnoa.nl\/?page_id=199","title":{"rendered":"Youtube publicaties"},"content":{"rendered":"\n<p>Lees hier het artikel:<\/p>\n\n\n\n<ol class=\"wp-block-list\"><li>\u00a0<a rel=\"noreferrer noopener\" href=\"https:\/\/www.nnoa.nl\/?page_id=159\" target=\"_blank\">Partita Sei gegr\u00fc\u00dfet, Jesu g\u00fctig (O Jesu, du edle Gabe) BWV 768<\/a><strong><em>\u00a0<\/em><\/strong><\/li><\/ol>\n\n\n\n<p><\/p>\n\n\n\n<p>Bezoek hier mijn Youtube-kanaal met diverse uitvoeringen:<br><br><a href=\"https:\/\/www.youtube.com\/channel\/UCbzdtR5fY4rIsuNoKQjlhAw\/videos\" target=\"_blank\" rel=\"noreferrer noopener\">Youtube-kanaal van Stef Tuinstra<\/a><\/p>\n","protected":false},"excerpt":{"rendered":"<p>Lees hier het artikel: \u00a0Partita Sei gegr\u00fc\u00dfet, Jesu g\u00fctig (O Jesu, du edle Gabe) BWV 768\u00a0 Bezoek hier mijn Youtube-kanaal met diverse uitvoeringen: Youtube-kanaal van Stef Tuinstra<\/p>\n","protected":false},"author":3447,"featured_media":0,"parent":0,"menu_order":0,"comment_status":"closed","ping_status":"closed","template":"","meta":{"footnotes":""},"class_list":["post-199","page","type-page","status-publish","hentry"],"_links":{"self":[{"href":"https:\/\/www.nnoa.nl\/index.php?rest_route=\/wp\/v2\/pages\/199","targetHints":{"allow":["GET"]}}],"collection":[{"href":"https:\/\/www.nnoa.nl\/index.php?rest_route=\/wp\/v2\/pages"}],"about":[{"href":"https:\/\/www.nnoa.nl\/index.php?rest_route=\/wp\/v2\/types\/page"}],"author":[{"embeddable":true,"href":"https:\/\/www.nnoa.nl\/index.php?rest_route=\/wp\/v2\/users\/3447"}],"replies":[{"embeddable":true,"href":"https:\/\/www.nnoa.nl\/index.php?rest_route=%2Fwp%2Fv2%2Fcomments&post=199"}],"version-history":[{"count":4,"href":"https:\/\/www.nnoa.nl\/index.php?rest_route=\/wp\/v2\/pages\/199\/revisions"}],"predecessor-version":[{"id":263,"href":"https:\/\/www.nnoa.nl\/index.php?rest_route=\/wp\/v2\/pages\/199\/revisions\/263"}],"wp:attachment":[{"href":"https:\/\/www.nnoa.nl\/index.php?rest_route=%2Fwp%2Fv2%2Fmedia&parent=199"}],"curies":[{"name":"wp","href":"https:\/\/api.w.org\/{rel}","templated":true}]}}